{"id":3178,"date":"2025-02-11T16:16:00","date_gmt":"2025-02-11T15:16:00","guid":{"rendered":"https:\/\/fr.ai-matters.eu\/?post_type=product&#038;p=3178"},"modified":"2026-04-02T23:55:38","modified_gmt":"2026-04-02T21:55:38","slug":"evaluation-of-the-pertinence-of-using-federated-learning-in-a-given-context-similar-equipements-in-a-same-factory-similar-factories-test-of-an-implementation-of-fedrated-learning","status":"publish","type":"product","link":"https:\/\/fr.ai-matters.eu\/en\/produit\/evaluation-of-the-pertinence-of-using-federated-learning-in-a-given-context-similar-equipements-in-a-same-factory-similar-factories-test-of-an-implementation-of-fedrated-learning\/","title":{"rendered":"Federated learning for combined edge\/cloud AI"},"content":{"rendered":"<p>The service offers to test and evaluate federated learning approaches for combined edge\/cloud AI architecture.<\/p>\n","protected":false},"excerpt":{"rendered":"<p>The service offers to test and evaluate federated learning approaches for combined edge\/cloud AI architecture.<\/p>\n","protected":false},"featured_media":0,"comment_status":"open","ping_status":"closed","template":"","meta":{"_acf_changed":false},"product_brand":[],"product_cat":[102],"product_tag":[101],"class_list":{"0":"post-3178","1":"product","2":"type-product","3":"status-publish","5":"product_cat-ai-matters-services","6":"product_tag-france","8":"first","9":"instock","10":"shipping-taxable","11":"product-type-simple"},"acf":[],"yoast_head":"<!-- This site is optimized with the Yoast SEO plugin v27.1.1 - https:\/\/yoast.com\/product\/yoast-seo-wordpress\/ -->\n<title>Federated learning for combined edge\/cloud AI - AI Matters<\/title>\n<meta name=\"robots\" content=\"index, follow, max-snippet:-1, max-image-preview:large, max-video-preview:-1\" \/>\n<link rel=\"canonical\" href=\"https:\/\/fr.ai-matters.eu\/en\/produit\/evaluation-of-the-pertinence-of-using-federated-learning-in-a-given-context-similar-equipements-in-a-same-factory-similar-factories-test-of-an-implementation-of-fedrated-learning\/\" \/>\n<meta property=\"og:locale\" content=\"en_US\" \/>\n<meta property=\"og:type\" content=\"article\" \/>\n<meta property=\"og:title\" content=\"Federated learning for combined edge\/cloud AI - AI Matters\" \/>\n<meta property=\"og:description\" content=\"The service offers to test and evaluate federated learning approaches for combined edge\/cloud AI architecture.\" \/>\n<meta property=\"og:url\" content=\"https:\/\/fr.ai-matters.eu\/en\/produit\/evaluation-of-the-pertinence-of-using-federated-learning-in-a-given-context-similar-equipements-in-a-same-factory-similar-factories-test-of-an-implementation-of-fedrated-learning\/\" \/>\n<meta property=\"og:site_name\" content=\"AI Matters\" \/>\n<meta property=\"article:modified_time\" content=\"2026-04-02T21:55:38+00:00\" \/>\n<meta name=\"twitter:card\" content=\"summary_large_image\" \/>\n<script type=\"application\/ld+json\" class=\"yoast-schema-graph\">{\"@context\":\"https:\/\/schema.org\",\"@graph\":[{\"@type\":\"WebPage\",\"@id\":\"https:\/\/fr.ai-matters.eu\/en\/produit\/evaluation-of-the-pertinence-of-using-federated-learning-in-a-given-context-similar-equipements-in-a-same-factory-similar-factories-test-of-an-implementation-of-fedrated-learning\/\",\"url\":\"https:\/\/fr.ai-matters.eu\/en\/produit\/evaluation-of-the-pertinence-of-using-federated-learning-in-a-given-context-similar-equipements-in-a-same-factory-similar-factories-test-of-an-implementation-of-fedrated-learning\/\",\"name\":\"Federated learning for combined edge\/cloud AI - AI Matters\",\"isPartOf\":{\"@id\":\"https:\/\/fr.ai-matters.eu\/en\/#website\"},\"datePublished\":\"2025-02-11T15:16:00+00:00\",\"dateModified\":\"2026-04-02T21:55:38+00:00\",\"breadcrumb\":{\"@id\":\"https:\/\/fr.ai-matters.eu\/en\/produit\/evaluation-of-the-pertinence-of-using-federated-learning-in-a-given-context-similar-equipements-in-a-same-factory-similar-factories-test-of-an-implementation-of-fedrated-learning\/#breadcrumb\"},\"inLanguage\":\"en-US\",\"potentialAction\":[{\"@type\":\"ReadAction\",\"target\":[\"https:\/\/fr.ai-matters.eu\/en\/produit\/evaluation-of-the-pertinence-of-using-federated-learning-in-a-given-context-similar-equipements-in-a-same-factory-similar-factories-test-of-an-implementation-of-fedrated-learning\/\"]}]},{\"@type\":\"BreadcrumbList\",\"@id\":\"https:\/\/fr.ai-matters.eu\/en\/produit\/evaluation-of-the-pertinence-of-using-federated-learning-in-a-given-context-similar-equipements-in-a-same-factory-similar-factories-test-of-an-implementation-of-fedrated-learning\/#breadcrumb\",\"itemListElement\":[{\"@type\":\"ListItem\",\"position\":1,\"name\":\"Accueil\",\"item\":\"https:\/\/fr.ai-matters.eu\/en\/home-2024\/\"},{\"@type\":\"ListItem\",\"position\":2,\"name\":\"Boutique\",\"item\":\"https:\/\/fr.ai-matters.eu\/boutique\/\"},{\"@type\":\"ListItem\",\"position\":3,\"name\":\"Federated learning for combined edge\/cloud AI\"}]},{\"@type\":\"WebSite\",\"@id\":\"https:\/\/fr.ai-matters.eu\/en\/#website\",\"url\":\"https:\/\/fr.ai-matters.eu\/en\/\",\"name\":\"AI Matters\",\"description\":\"\",\"publisher\":{\"@id\":\"https:\/\/fr.ai-matters.eu\/en\/#organization\"},\"potentialAction\":[{\"@type\":\"SearchAction\",\"target\":{\"@type\":\"EntryPoint\",\"urlTemplate\":\"https:\/\/fr.ai-matters.eu\/en\/?s={search_term_string}\"},\"query-input\":{\"@type\":\"PropertyValueSpecification\",\"valueRequired\":true,\"valueName\":\"search_term_string\"}}],\"inLanguage\":\"en-US\"},{\"@type\":\"Organization\",\"@id\":\"https:\/\/fr.ai-matters.eu\/en\/#organization\",\"name\":\"AI Matters\",\"url\":\"https:\/\/fr.ai-matters.eu\/en\/\",\"logo\":{\"@type\":\"ImageObject\",\"inLanguage\":\"en-US\",\"@id\":\"https:\/\/fr.ai-matters.eu\/en\/#\/schema\/logo\/image\/\",\"url\":\"https:\/\/fr.ai-matters.eu\/wp-content\/uploads\/2023\/03\/Ai-matters-logo.png\",\"contentUrl\":\"https:\/\/fr.ai-matters.eu\/wp-content\/uploads\/2023\/03\/Ai-matters-logo.png\",\"width\":1221,\"height\":699,\"caption\":\"AI Matters\"},\"image\":{\"@id\":\"https:\/\/fr.ai-matters.eu\/en\/#\/schema\/logo\/image\/\"}}]}<\/script>\n<!-- \/ Yoast SEO plugin. -->","yoast_head_json":{"title":"Federated learning for combined edge\/cloud AI - AI Matters","robots":{"index":"index","follow":"follow","max-snippet":"max-snippet:-1","max-image-preview":"max-image-preview:large","max-video-preview":"max-video-preview:-1"},"canonical":"https:\/\/fr.ai-matters.eu\/en\/produit\/evaluation-of-the-pertinence-of-using-federated-learning-in-a-given-context-similar-equipements-in-a-same-factory-similar-factories-test-of-an-implementation-of-fedrated-learning\/","og_locale":"en_US","og_type":"article","og_title":"Federated learning for combined edge\/cloud AI - AI Matters","og_description":"The service offers to test and evaluate federated learning approaches for combined edge\/cloud AI architecture.","og_url":"https:\/\/fr.ai-matters.eu\/en\/produit\/evaluation-of-the-pertinence-of-using-federated-learning-in-a-given-context-similar-equipements-in-a-same-factory-similar-factories-test-of-an-implementation-of-fedrated-learning\/","og_site_name":"AI Matters","article_modified_time":"2026-04-02T21:55:38+00:00","twitter_card":"summary_large_image","schema":{"@context":"https:\/\/schema.org","@graph":[{"@type":"WebPage","@id":"https:\/\/fr.ai-matters.eu\/en\/produit\/evaluation-of-the-pertinence-of-using-federated-learning-in-a-given-context-similar-equipements-in-a-same-factory-similar-factories-test-of-an-implementation-of-fedrated-learning\/","url":"https:\/\/fr.ai-matters.eu\/en\/produit\/evaluation-of-the-pertinence-of-using-federated-learning-in-a-given-context-similar-equipements-in-a-same-factory-similar-factories-test-of-an-implementation-of-fedrated-learning\/","name":"Federated learning for combined edge\/cloud AI - AI Matters","isPartOf":{"@id":"https:\/\/fr.ai-matters.eu\/en\/#website"},"datePublished":"2025-02-11T15:16:00+00:00","dateModified":"2026-04-02T21:55:38+00:00","breadcrumb":{"@id":"https:\/\/fr.ai-matters.eu\/en\/produit\/evaluation-of-the-pertinence-of-using-federated-learning-in-a-given-context-similar-equipements-in-a-same-factory-similar-factories-test-of-an-implementation-of-fedrated-learning\/#breadcrumb"},"inLanguage":"en-US","potentialAction":[{"@type":"ReadAction","target":["https:\/\/fr.ai-matters.eu\/en\/produit\/evaluation-of-the-pertinence-of-using-federated-learning-in-a-given-context-similar-equipements-in-a-same-factory-similar-factories-test-of-an-implementation-of-fedrated-learning\/"]}]},{"@type":"BreadcrumbList","@id":"https:\/\/fr.ai-matters.eu\/en\/produit\/evaluation-of-the-pertinence-of-using-federated-learning-in-a-given-context-similar-equipements-in-a-same-factory-similar-factories-test-of-an-implementation-of-fedrated-learning\/#breadcrumb","itemListElement":[{"@type":"ListItem","position":1,"name":"Accueil","item":"https:\/\/fr.ai-matters.eu\/en\/home-2024\/"},{"@type":"ListItem","position":2,"name":"Boutique","item":"https:\/\/fr.ai-matters.eu\/boutique\/"},{"@type":"ListItem","position":3,"name":"Federated learning for combined edge\/cloud AI"}]},{"@type":"WebSite","@id":"https:\/\/fr.ai-matters.eu\/en\/#website","url":"https:\/\/fr.ai-matters.eu\/en\/","name":"AI Matters","description":"","publisher":{"@id":"https:\/\/fr.ai-matters.eu\/en\/#organization"},"potentialAction":[{"@type":"SearchAction","target":{"@type":"EntryPoint","urlTemplate":"https:\/\/fr.ai-matters.eu\/en\/?s={search_term_string}"},"query-input":{"@type":"PropertyValueSpecification","valueRequired":true,"valueName":"search_term_string"}}],"inLanguage":"en-US"},{"@type":"Organization","@id":"https:\/\/fr.ai-matters.eu\/en\/#organization","name":"AI Matters","url":"https:\/\/fr.ai-matters.eu\/en\/","logo":{"@type":"ImageObject","inLanguage":"en-US","@id":"https:\/\/fr.ai-matters.eu\/en\/#\/schema\/logo\/image\/","url":"https:\/\/fr.ai-matters.eu\/wp-content\/uploads\/2023\/03\/Ai-matters-logo.png","contentUrl":"https:\/\/fr.ai-matters.eu\/wp-content\/uploads\/2023\/03\/Ai-matters-logo.png","width":1221,"height":699,"caption":"AI Matters"},"image":{"@id":"https:\/\/fr.ai-matters.eu\/en\/#\/schema\/logo\/image\/"}}]}},"wpml_current_locale":"en_US","wpml_translations":{"fr_FR":{"locale":"fr_FR","id":3136,"slug":"evaluation-de-la-pertinence-de-lutilisation-de-lapprentissage-federe-dans-un-contexte-industriel-equipements-similaires-dans-une-meme-usine","post_title":"Apprentissage f\u00e9d\u00e9r\u00e9 pour l\u2019IA combinant edge et cloud","href":"https:\/\/fr.ai-matters.eu\/produit\/evaluation-de-la-pertinence-de-lutilisation-de-lapprentissage-federe-dans-un-contexte-industriel-equipements-similaires-dans-une-meme-usine\/"}},"_links":{"self":[{"href":"https:\/\/fr.ai-matters.eu\/en\/wp-json\/wp\/v2\/product\/3178","targetHints":{"allow":["GET"]}}],"collection":[{"href":"https:\/\/fr.ai-matters.eu\/en\/wp-json\/wp\/v2\/product"}],"about":[{"href":"https:\/\/fr.ai-matters.eu\/en\/wp-json\/wp\/v2\/types\/product"}],"replies":[{"embeddable":true,"href":"https:\/\/fr.ai-matters.eu\/en\/wp-json\/wp\/v2\/comments?post=3178"}],"wp:attachment":[{"href":"https:\/\/fr.ai-matters.eu\/en\/wp-json\/wp\/v2\/media?parent=3178"}],"wp:term":[{"taxonomy":"product_brand","embeddable":true,"href":"https:\/\/fr.ai-matters.eu\/en\/wp-json\/wp\/v2\/product_brand?post=3178"},{"taxonomy":"product_cat","embeddable":true,"href":"https:\/\/fr.ai-matters.eu\/en\/wp-json\/wp\/v2\/product_cat?post=3178"},{"taxonomy":"product_tag","embeddable":true,"href":"https:\/\/fr.ai-matters.eu\/en\/wp-json\/wp\/v2\/product_tag?post=3178"}],"curies":[{"name":"wp","href":"https:\/\/api.w.org\/{rel}","templated":true}]}}