{"id":3173,"date":"2025-02-11T16:15:59","date_gmt":"2025-02-11T15:15:59","guid":{"rendered":"https:\/\/fr.ai-matters.eu\/?post_type=product&#038;p=3173"},"modified":"2026-04-19T01:05:41","modified_gmt":"2026-04-18T23:05:41","slug":"photorealistic-3d-scene-reconstruction-from-pictures-and-point-clouds-usable-for-accurate-remote-inspection","status":"publish","type":"product","link":"https:\/\/fr.ai-matters.eu\/en\/produit\/photorealistic-3d-scene-reconstruction-from-pictures-and-point-clouds-usable-for-accurate-remote-inspection\/","title":{"rendered":"Photorealistic 3D scene reconstruction from pictures and point clouds usable for accurate remote inspection"},"content":{"rendered":"<p>Collaborative XR-based 3D scene reconstruction<\/p>\n","protected":false},"excerpt":{"rendered":"<p>Collaborative XR-based 3D scene reconstruction<\/p>\n","protected":false},"featured_media":4400,"comment_status":"open","ping_status":"closed","template":"","meta":{"_acf_changed":false},"product_brand":[],"product_cat":[102],"product_tag":[101],"class_list":{"0":"post-3173","1":"product","2":"type-product","3":"status-publish","4":"has-post-thumbnail","6":"product_cat-ai-matters-services","7":"product_tag-france","9":"first","10":"instock","11":"shipping-taxable","12":"product-type-simple"},"acf":[],"yoast_head":"<!-- This site is optimized with the Yoast SEO plugin v27.1.1 - https:\/\/yoast.com\/product\/yoast-seo-wordpress\/ -->\n<title>Photorealistic 3D scene reconstruction from pictures and point clouds usable for accurate remote inspection - AI Matters<\/title>\n<meta name=\"robots\" content=\"index, follow, max-snippet:-1, max-image-preview:large, max-video-preview:-1\" \/>\n<link rel=\"canonical\" href=\"https:\/\/fr.ai-matters.eu\/en\/produit\/photorealistic-3d-scene-reconstruction-from-pictures-and-point-clouds-usable-for-accurate-remote-inspection\/\" \/>\n<meta property=\"og:locale\" content=\"en_US\" \/>\n<meta property=\"og:type\" content=\"article\" \/>\n<meta property=\"og:title\" content=\"Photorealistic 3D scene reconstruction from pictures and point clouds usable for accurate remote inspection - AI Matters\" \/>\n<meta property=\"og:description\" content=\"Collaborative XR-based 3D scene reconstruction\" \/>\n<meta property=\"og:url\" content=\"https:\/\/fr.ai-matters.eu\/en\/produit\/photorealistic-3d-scene-reconstruction-from-pictures-and-point-clouds-usable-for-accurate-remote-inspection\/\" \/>\n<meta property=\"og:site_name\" content=\"AI Matters\" \/>\n<meta property=\"article:modified_time\" content=\"2026-04-18T23:05:41+00:00\" \/>\n<meta property=\"og:image\" content=\"https:\/\/fr.ai-matters.eu\/wp-content\/uploads\/2026\/04\/Service20FRE83TE20-20FRE83TE20Photorealistic203D20scene20reconstruction20from20pictures20and20point20clouds20usable20for20accurate20remote20inspection-2.jpg\" \/>\n\t<meta property=\"og:image:width\" content=\"1128\" \/>\n\t<meta property=\"og:image:height\" content=\"595\" \/>\n\t<meta property=\"og:image:type\" content=\"image\/jpeg\" \/>\n<meta name=\"twitter:card\" content=\"summary_large_image\" \/>\n<script type=\"application\/ld+json\" class=\"yoast-schema-graph\">{\"@context\":\"https:\/\/schema.org\",\"@graph\":[{\"@type\":\"WebPage\",\"@id\":\"https:\/\/fr.ai-matters.eu\/en\/produit\/photorealistic-3d-scene-reconstruction-from-pictures-and-point-clouds-usable-for-accurate-remote-inspection\/\",\"url\":\"https:\/\/fr.ai-matters.eu\/en\/produit\/photorealistic-3d-scene-reconstruction-from-pictures-and-point-clouds-usable-for-accurate-remote-inspection\/\",\"name\":\"Photorealistic 3D scene reconstruction from pictures and point clouds usable for accurate remote inspection - AI Matters\",\"isPartOf\":{\"@id\":\"https:\/\/fr.ai-matters.eu\/en\/#website\"},\"primaryImageOfPage\":{\"@id\":\"https:\/\/fr.ai-matters.eu\/en\/produit\/photorealistic-3d-scene-reconstruction-from-pictures-and-point-clouds-usable-for-accurate-remote-inspection\/#primaryimage\"},\"image\":{\"@id\":\"https:\/\/fr.ai-matters.eu\/en\/produit\/photorealistic-3d-scene-reconstruction-from-pictures-and-point-clouds-usable-for-accurate-remote-inspection\/#primaryimage\"},\"thumbnailUrl\":\"https:\/\/fr.ai-matters.eu\/wp-content\/uploads\/2026\/04\/Service20FRE83TE20-20FRE83TE20Photorealistic203D20scene20reconstruction20from20pictures20and20point20clouds20usable20for20accurate20remote20inspection-22.jpg\",\"datePublished\":\"2025-02-11T15:15:59+00:00\",\"dateModified\":\"2026-04-18T23:05:41+00:00\",\"breadcrumb\":{\"@id\":\"https:\/\/fr.ai-matters.eu\/en\/produit\/photorealistic-3d-scene-reconstruction-from-pictures-and-point-clouds-usable-for-accurate-remote-inspection\/#breadcrumb\"},\"inLanguage\":\"en-US\",\"potentialAction\":[{\"@type\":\"ReadAction\",\"target\":[\"https:\/\/fr.ai-matters.eu\/en\/produit\/photorealistic-3d-scene-reconstruction-from-pictures-and-point-clouds-usable-for-accurate-remote-inspection\/\"]}]},{\"@type\":\"ImageObject\",\"inLanguage\":\"en-US\",\"@id\":\"https:\/\/fr.ai-matters.eu\/en\/produit\/photorealistic-3d-scene-reconstruction-from-pictures-and-point-clouds-usable-for-accurate-remote-inspection\/#primaryimage\",\"url\":\"https:\/\/fr.ai-matters.eu\/wp-content\/uploads\/2026\/04\/Service20FRE83TE20-20FRE83TE20Photorealistic203D20scene20reconstruction20from20pictures20and20point20clouds20usable20for20accurate20remote20inspection-22.jpg\",\"contentUrl\":\"https:\/\/fr.ai-matters.eu\/wp-content\/uploads\/2026\/04\/Service20FRE83TE20-20FRE83TE20Photorealistic203D20scene20reconstruction20from20pictures20and20point20clouds20usable20for20accurate20remote20inspection-22.jpg\",\"width\":1128,\"height\":595,\"caption\":\"Photorealistic 3D scene reconstruction from pictures and point clouds usable for accurate remote inspection\"},{\"@type\":\"BreadcrumbList\",\"@id\":\"https:\/\/fr.ai-matters.eu\/en\/produit\/photorealistic-3d-scene-reconstruction-from-pictures-and-point-clouds-usable-for-accurate-remote-inspection\/#breadcrumb\",\"itemListElement\":[{\"@type\":\"ListItem\",\"position\":1,\"name\":\"Accueil\",\"item\":\"https:\/\/fr.ai-matters.eu\/en\/home-2024\/\"},{\"@type\":\"ListItem\",\"position\":2,\"name\":\"Boutique\",\"item\":\"https:\/\/fr.ai-matters.eu\/boutique\/\"},{\"@type\":\"ListItem\",\"position\":3,\"name\":\"Photorealistic 3D scene reconstruction from pictures and point clouds usable for accurate remote inspection\"}]},{\"@type\":\"WebSite\",\"@id\":\"https:\/\/fr.ai-matters.eu\/en\/#website\",\"url\":\"https:\/\/fr.ai-matters.eu\/en\/\",\"name\":\"AI Matters\",\"description\":\"\",\"publisher\":{\"@id\":\"https:\/\/fr.ai-matters.eu\/en\/#organization\"},\"potentialAction\":[{\"@type\":\"SearchAction\",\"target\":{\"@type\":\"EntryPoint\",\"urlTemplate\":\"https:\/\/fr.ai-matters.eu\/en\/?s={search_term_string}\"},\"query-input\":{\"@type\":\"PropertyValueSpecification\",\"valueRequired\":true,\"valueName\":\"search_term_string\"}}],\"inLanguage\":\"en-US\"},{\"@type\":\"Organization\",\"@id\":\"https:\/\/fr.ai-matters.eu\/en\/#organization\",\"name\":\"AI Matters\",\"url\":\"https:\/\/fr.ai-matters.eu\/en\/\",\"logo\":{\"@type\":\"ImageObject\",\"inLanguage\":\"en-US\",\"@id\":\"https:\/\/fr.ai-matters.eu\/en\/#\/schema\/logo\/image\/\",\"url\":\"https:\/\/fr.ai-matters.eu\/wp-content\/uploads\/2023\/03\/Ai-matters-logo.png\",\"contentUrl\":\"https:\/\/fr.ai-matters.eu\/wp-content\/uploads\/2023\/03\/Ai-matters-logo.png\",\"width\":1221,\"height\":699,\"caption\":\"AI Matters\"},\"image\":{\"@id\":\"https:\/\/fr.ai-matters.eu\/en\/#\/schema\/logo\/image\/\"}}]}<\/script>\n<!-- \/ Yoast SEO plugin. -->","yoast_head_json":{"title":"Photorealistic 3D scene reconstruction from pictures and point clouds usable for accurate remote inspection - AI Matters","robots":{"index":"index","follow":"follow","max-snippet":"max-snippet:-1","max-image-preview":"max-image-preview:large","max-video-preview":"max-video-preview:-1"},"canonical":"https:\/\/fr.ai-matters.eu\/en\/produit\/photorealistic-3d-scene-reconstruction-from-pictures-and-point-clouds-usable-for-accurate-remote-inspection\/","og_locale":"en_US","og_type":"article","og_title":"Photorealistic 3D scene reconstruction from pictures and point clouds usable for accurate remote inspection - AI Matters","og_description":"Collaborative XR-based 3D scene reconstruction","og_url":"https:\/\/fr.ai-matters.eu\/en\/produit\/photorealistic-3d-scene-reconstruction-from-pictures-and-point-clouds-usable-for-accurate-remote-inspection\/","og_site_name":"AI Matters","article_modified_time":"2026-04-18T23:05:41+00:00","og_image":[{"width":1128,"height":595,"url":"https:\/\/fr.ai-matters.eu\/wp-content\/uploads\/2026\/04\/Service20FRE83TE20-20FRE83TE20Photorealistic203D20scene20reconstruction20from20pictures20and20point20clouds20usable20for20accurate20remote20inspection-2.jpg","type":"image\/jpeg"}],"twitter_card":"summary_large_image","schema":{"@context":"https:\/\/schema.org","@graph":[{"@type":"WebPage","@id":"https:\/\/fr.ai-matters.eu\/en\/produit\/photorealistic-3d-scene-reconstruction-from-pictures-and-point-clouds-usable-for-accurate-remote-inspection\/","url":"https:\/\/fr.ai-matters.eu\/en\/produit\/photorealistic-3d-scene-reconstruction-from-pictures-and-point-clouds-usable-for-accurate-remote-inspection\/","name":"Photorealistic 3D scene reconstruction from pictures and point clouds usable for accurate remote inspection - AI Matters","isPartOf":{"@id":"https:\/\/fr.ai-matters.eu\/en\/#website"},"primaryImageOfPage":{"@id":"https:\/\/fr.ai-matters.eu\/en\/produit\/photorealistic-3d-scene-reconstruction-from-pictures-and-point-clouds-usable-for-accurate-remote-inspection\/#primaryimage"},"image":{"@id":"https:\/\/fr.ai-matters.eu\/en\/produit\/photorealistic-3d-scene-reconstruction-from-pictures-and-point-clouds-usable-for-accurate-remote-inspection\/#primaryimage"},"thumbnailUrl":"https:\/\/fr.ai-matters.eu\/wp-content\/uploads\/2026\/04\/Service20FRE83TE20-20FRE83TE20Photorealistic203D20scene20reconstruction20from20pictures20and20point20clouds20usable20for20accurate20remote20inspection-22.jpg","datePublished":"2025-02-11T15:15:59+00:00","dateModified":"2026-04-18T23:05:41+00:00","breadcrumb":{"@id":"https:\/\/fr.ai-matters.eu\/en\/produit\/photorealistic-3d-scene-reconstruction-from-pictures-and-point-clouds-usable-for-accurate-remote-inspection\/#breadcrumb"},"inLanguage":"en-US","potentialAction":[{"@type":"ReadAction","target":["https:\/\/fr.ai-matters.eu\/en\/produit\/photorealistic-3d-scene-reconstruction-from-pictures-and-point-clouds-usable-for-accurate-remote-inspection\/"]}]},{"@type":"ImageObject","inLanguage":"en-US","@id":"https:\/\/fr.ai-matters.eu\/en\/produit\/photorealistic-3d-scene-reconstruction-from-pictures-and-point-clouds-usable-for-accurate-remote-inspection\/#primaryimage","url":"https:\/\/fr.ai-matters.eu\/wp-content\/uploads\/2026\/04\/Service20FRE83TE20-20FRE83TE20Photorealistic203D20scene20reconstruction20from20pictures20and20point20clouds20usable20for20accurate20remote20inspection-22.jpg","contentUrl":"https:\/\/fr.ai-matters.eu\/wp-content\/uploads\/2026\/04\/Service20FRE83TE20-20FRE83TE20Photorealistic203D20scene20reconstruction20from20pictures20and20point20clouds20usable20for20accurate20remote20inspection-22.jpg","width":1128,"height":595,"caption":"Photorealistic 3D scene reconstruction from pictures and point clouds usable for accurate remote inspection"},{"@type":"BreadcrumbList","@id":"https:\/\/fr.ai-matters.eu\/en\/produit\/photorealistic-3d-scene-reconstruction-from-pictures-and-point-clouds-usable-for-accurate-remote-inspection\/#breadcrumb","itemListElement":[{"@type":"ListItem","position":1,"name":"Accueil","item":"https:\/\/fr.ai-matters.eu\/en\/home-2024\/"},{"@type":"ListItem","position":2,"name":"Boutique","item":"https:\/\/fr.ai-matters.eu\/boutique\/"},{"@type":"ListItem","position":3,"name":"Photorealistic 3D scene reconstruction from pictures and point clouds usable for accurate remote inspection"}]},{"@type":"WebSite","@id":"https:\/\/fr.ai-matters.eu\/en\/#website","url":"https:\/\/fr.ai-matters.eu\/en\/","name":"AI Matters","description":"","publisher":{"@id":"https:\/\/fr.ai-matters.eu\/en\/#organization"},"potentialAction":[{"@type":"SearchAction","target":{"@type":"EntryPoint","urlTemplate":"https:\/\/fr.ai-matters.eu\/en\/?s={search_term_string}"},"query-input":{"@type":"PropertyValueSpecification","valueRequired":true,"valueName":"search_term_string"}}],"inLanguage":"en-US"},{"@type":"Organization","@id":"https:\/\/fr.ai-matters.eu\/en\/#organization","name":"AI Matters","url":"https:\/\/fr.ai-matters.eu\/en\/","logo":{"@type":"ImageObject","inLanguage":"en-US","@id":"https:\/\/fr.ai-matters.eu\/en\/#\/schema\/logo\/image\/","url":"https:\/\/fr.ai-matters.eu\/wp-content\/uploads\/2023\/03\/Ai-matters-logo.png","contentUrl":"https:\/\/fr.ai-matters.eu\/wp-content\/uploads\/2023\/03\/Ai-matters-logo.png","width":1221,"height":699,"caption":"AI Matters"},"image":{"@id":"https:\/\/fr.ai-matters.eu\/en\/#\/schema\/logo\/image\/"}}]}},"wpml_current_locale":"en_US","wpml_translations":{"fr_FR":{"locale":"fr_FR","id":3131,"slug":"reconstruction-photorealiste-dune-scene-en-3d-a-partir-dimages-et-de-nuages-de-points-utilisable-pour-un-controle-a-distance-precis","post_title":"Reconstruction photor\u00e9aliste d'une sc\u00e8ne en 3D \u00e0 partir d'images et de nuages de points, utilisable pour un contr\u00f4le \u00e0 distance pr\u00e9cis","href":"https:\/\/fr.ai-matters.eu\/produit\/reconstruction-photorealiste-dune-scene-en-3d-a-partir-dimages-et-de-nuages-de-points-utilisable-pour-un-controle-a-distance-precis\/"}},"_links":{"self":[{"href":"https:\/\/fr.ai-matters.eu\/en\/wp-json\/wp\/v2\/product\/3173","targetHints":{"allow":["GET"]}}],"collection":[{"href":"https:\/\/fr.ai-matters.eu\/en\/wp-json\/wp\/v2\/product"}],"about":[{"href":"https:\/\/fr.ai-matters.eu\/en\/wp-json\/wp\/v2\/types\/product"}],"replies":[{"embeddable":true,"href":"https:\/\/fr.ai-matters.eu\/en\/wp-json\/wp\/v2\/comments?post=3173"}],"wp:featuredmedia":[{"embeddable":true,"href":"https:\/\/fr.ai-matters.eu\/en\/wp-json\/wp\/v2\/media\/4400"}],"wp:attachment":[{"href":"https:\/\/fr.ai-matters.eu\/en\/wp-json\/wp\/v2\/media?parent=3173"}],"wp:term":[{"taxonomy":"product_brand","embeddable":true,"href":"https:\/\/fr.ai-matters.eu\/en\/wp-json\/wp\/v2\/product_brand?post=3173"},{"taxonomy":"product_cat","embeddable":true,"href":"https:\/\/fr.ai-matters.eu\/en\/wp-json\/wp\/v2\/product_cat?post=3173"},{"taxonomy":"product_tag","embeddable":true,"href":"https:\/\/fr.ai-matters.eu\/en\/wp-json\/wp\/v2\/product_tag?post=3173"}],"curies":[{"name":"wp","href":"https:\/\/api.w.org\/{rel}","templated":true}]}}